{"id":2822,"date":"2019-06-11T15:13:18","date_gmt":"2019-06-11T14:13:18","guid":{"rendered":"https:\/\/linkbuilderitalia.com\/chi-siamo\/"},"modified":"2024-07-17T17:28:26","modified_gmt":"2024-07-17T16:28:26","slug":"quienes-somos","status":"publish","type":"page","link":"https:\/\/linkbuilderitalia.com\/es\/quienes-somos\/","title":{"rendered":"Quienes somos"},"content":{"rendered":"[vc_row full_width=&#8221;stretch_row&#8221; css=&#8221;.vc_custom_1560248330930{padding-top: 111px !important;}&#8221; el_id=&#8221;about&#8221;][vc_column css=&#8221;.vc_custom_1556273668036{padding-top: 0px !important;}&#8221;][ct_heading text=&#8221;M\u00e1s de 10 a\u00f1os al servicio de <cite>nuestros clientes<\/cite>&#8221; font_size_sm=&#8221;24&#8243; font_size_xs=&#8221;24&#8243; font_weight=&#8221;&#8221; subtitle=&#8221;Chi siamo&#8221; subtitle_color=&#8221;#fb7625&#8243; description_font_weight=&#8221;inherit&#8221; margin_bottom=&#8221;0&#8243;][vc_column_text css=&#8221;.vc_custom_1721233396820{margin-top: 25px !important;margin-bottom: 40px !important;}&#8221; el_class=&#8221;text-block&#8221;]Link Builder Italia es una creaci\u00f3n de <a href=\"https:\/\/www.linkedin.com\/in\/antonello-di-muccio-72b6b48b\/\" target=\"_blank\" rel=\"noopener\">Antonello Di Muccio<\/a>. Graduado en Comunicaci\u00f3n en 2010, comenz\u00f3 su carrera en marketing web gestionando sitios web de editores. En 2012, la oportunidad de apoyar el <a href=\"https:\/\/linkbuilderitalia.com\/es\/blog\/las-mejores-practicas-seo-para-2024-actualizaciones-y-tendencias\/\">SEO off-page<\/a> de una marca global lanz\u00f3 su carrera como especialista en <a href=\"https:\/\/linkbuilderitalia.com\/es\/blog\/que-son-los-backlinks\/\">construcci\u00f3n de enlaces<\/a>.<\/p>\n<p>Poco despu\u00e9s, su trabajo atrajo la atenci\u00f3n de clientes y agencias web a nivel internacional. En la actualidad, m\u00e1s del 70% de las actividades de Link Builder Italia se centran en mercados como Gran Breta\u00f1a, Irlanda, Francia, Espa\u00f1a, Alemania, Malta, Estados Unidos y China.<\/p>\n<p>Link Builder Italia es el socio ideal para aquellos que desean invertir en construcci\u00f3n de enlaces y relaciones p\u00fablicas digitales y para agencias web y clientes extranjeros que ven el <a href=\"https:\/\/linkbuilderitalia.com\/es\/blog\/marcado-de-esquema-y-vinculos-de-retroceso\/\">SEO<\/a> off-page como una excelente oportunidad de crecimiento.[\/vc_column_text][vc_row_inner][vc_column_inner ct_column_inner_class=&#8221;rm-padding-md&#8221; offset=&#8221;vc_col-lg-6 vc_col-md-6&#8243; css=&#8221;.vc_custom_1547049514691{padding-right: 0px !important;}&#8221;][vc_column_text css=&#8221;.vc_custom_1721233484944{margin-bottom: 33px !important;}&#8221;]\n<ul class=\"list-arrow\">\n<li>Profesionalismo<\/li>\n<li>Compromiso<\/li>\n<\/ul>\n<div id=\"gtx-trans\" style=\"position: absolute; left: 112px; top: 62.075px;\">\n<div class=\"gtx-trans-icon\"><\/div>\n<\/div>\n[\/vc_column_text][\/vc_column_inner][vc_column_inner ct_column_inner_class=&#8221;rm-padding-md&#8221; offset=&#8221;vc_col-lg-6 vc_col-md-6&#8243; css=&#8221;.vc_custom_1547049521680{padding-right: 0px !important;}&#8221;][vc_column_text css=&#8221;.vc_custom_1721233513906{margin-bottom: 33px !important;}&#8221;]\n<ul class=\"list-arrow\">\n<li>10 a\u00f1os de experiencia<\/li>\n<li>Servicio al cliente de primera en su clase<\/li>\n<\/ul>\n[\/vc_column_text][\/vc_column_inner][\/vc_row_inner][vc_separator color=&#8221;custom&#8221; style=&#8221;dashed&#8221; accent_color=&#8221;#ffffff&#8221; css=&#8221;.vc_custom_1595782160339{margin-bottom: 23px !important;}&#8221;][ct_signature signature_image=&#8221;1903&#8243; title=&#8221;Antonello Di Muccio&#8221; position=&#8221;(CEO y fundador)&#8221;][\/vc_column][\/vc_row][vc_row][vc_column width=&#8221;1\/4&#8243;][\/vc_column][vc_column width=&#8221;1\/2&#8243;][ct_button button_text=&#8221;Cont\u00e1ctenos&#8221; button_link=&#8221;url:https%3A%2F%2Flinkbuilderitalia.com%2Fcontatti%2F|title:Contatti||&#8221;][\/vc_column][vc_column width=&#8221;1\/4&#8243;][\/vc_column][\/vc_row][vc_row][vc_column][vc_separator color=&#8221;custom&#8221; style=&#8221;dashed&#8221; accent_color=&#8221;#ffffff&#8221; css=&#8221;.vc_custom_1595782130482{margin-bottom: 23px !important;}&#8221;][vc_separator color=&#8221;custom&#8221; style=&#8221;dashed&#8221; accent_color=&#8221;#ffffff&#8221; css=&#8221;.vc_custom_1595782139640{margin-bottom: 23px !important;}&#8221;][\/vc_column][\/vc_row]\n","protected":false},"excerpt":{"rendered":"<p>[vc_row full_width=&#8221;stretch_row&#8221; css=&#8221;.vc_custom_1560248330930{padding-top: 111px !important;}&#8221; el_id=&#8221;about&#8221;][vc_column css=&#8221;.vc_custom_1556273668036{padding-top: 0px !important;}&#8221;][ct_heading text=&#8221;M\u00e1s de 10 a\u00f1os al servicio de nuestros clientes&#8221; font_size_sm=&#8221;24&#8243; font_size_xs=&#8221;24&#8243; font_weight=&#8221;&#8221; subtitle=&#8221;Chi siamo&#8221; subtitle_color=&#8221;#fb7625&#8243; description_font_weight=&#8221;inherit&#8221; margin_bottom=&#8221;0&#8243;][vc_column_text css=&#8221;.vc_custom_1721233396820{margin-top: 25px !important;margin-bottom: 40px !important;}&#8221; el_class=&#8221;text-block&#8221;]Link Builder Italia es una creaci\u00f3n de Antonello Di Muccio. Graduado en Comunicaci\u00f3n en 2010, comenz\u00f3 su carrera en marketing web gestionando sitios web&#8230;<\/p>\n","protected":false},"author":1,"featured_media":0,"parent":0,"menu_order":0,"comment_status":"closed","ping_status":"closed","template":"","meta":{"footnotes":""},"yoast_head":"<!-- This site is optimized with the Yoast SEO plugin v23.5 - https:\/\/yoast.com\/wordpress\/plugins\/seo\/ -->\n<title>Quienes somos | Link Builder Italia<\/title>\n<meta name=\"description\" content=\"Con anni di esperienza nel mondo della link building Link Builder Italia \u00e8 tra il partner pi\u00f9 affidabili per chi vuole far crescere il proprio sito web.\" \/>\n<meta name=\"robots\" content=\"index, follow, max-snippet:-1, max-image-preview:large, max-video-preview:-1\" \/>\n<link rel=\"canonical\" href=\"https:\/\/linkbuilderitalia.com\/es\/quienes-somos\/\" \/>\n<meta property=\"og:locale\" content=\"es_ES\" \/>\n<meta property=\"og:type\" content=\"article\" \/>\n<meta property=\"og:title\" content=\"Quienes somos | Link Builder Italia\" \/>\n<meta property=\"og:description\" content=\"Con anni di esperienza nel mondo della link building Link Builder Italia \u00e8 tra il partner pi\u00f9 affidabili per chi vuole far crescere il proprio sito web.\" \/>\n<meta property=\"og:url\" content=\"https:\/\/linkbuilderitalia.com\/es\/quienes-somos\/\" \/>\n<meta property=\"og:site_name\" content=\"Link Builder Italia\" \/>\n<meta property=\"article:modified_time\" content=\"2024-07-17T16:28:26+00:00\" \/>\n<meta name=\"twitter:card\" content=\"summary_large_image\" \/>\n<script type=\"application\/ld+json\" class=\"yoast-schema-graph\">{\"@context\":\"https:\/\/schema.org\",\"@graph\":[{\"@type\":\"WebPage\",\"@id\":\"https:\/\/linkbuilderitalia.com\/es\/quienes-somos\/\",\"url\":\"https:\/\/linkbuilderitalia.com\/es\/quienes-somos\/\",\"name\":\"Quienes somos | Link Builder Italia\",\"isPartOf\":{\"@id\":\"https:\/\/linkbuilderitalia.com\/es\/#website\"},\"datePublished\":\"2019-06-11T14:13:18+00:00\",\"dateModified\":\"2024-07-17T16:28:26+00:00\",\"description\":\"Con anni di esperienza nel mondo della link building Link Builder Italia \u00e8 tra il partner pi\u00f9 affidabili per chi vuole far crescere il proprio sito web.\",\"breadcrumb\":{\"@id\":\"https:\/\/linkbuilderitalia.com\/es\/quienes-somos\/#breadcrumb\"},\"inLanguage\":\"es\",\"potentialAction\":[{\"@type\":\"ReadAction\",\"target\":[\"https:\/\/linkbuilderitalia.com\/es\/quienes-somos\/\"]}]},{\"@type\":\"BreadcrumbList\",\"@id\":\"https:\/\/linkbuilderitalia.com\/es\/quienes-somos\/#breadcrumb\",\"itemListElement\":[{\"@type\":\"ListItem\",\"position\":1,\"name\":\"Home\",\"item\":\"https:\/\/linkbuilderitalia.com\/es\/\"},{\"@type\":\"ListItem\",\"position\":2,\"name\":\"Quienes somos\"}]},{\"@type\":\"WebSite\",\"@id\":\"https:\/\/linkbuilderitalia.com\/es\/#website\",\"url\":\"https:\/\/linkbuilderitalia.com\/es\/\",\"name\":\"Link Builder Italia\",\"description\":\"\",\"publisher\":{\"@id\":\"https:\/\/linkbuilderitalia.com\/es\/#\/schema\/person\/6092d81f12b7281f2c8fe976a87851d7\"},\"potentialAction\":[{\"@type\":\"SearchAction\",\"target\":{\"@type\":\"EntryPoint\",\"urlTemplate\":\"https:\/\/linkbuilderitalia.com\/es\/?s={search_term_string}\"},\"query-input\":{\"@type\":\"PropertyValueSpecification\",\"valueRequired\":true,\"valueName\":\"search_term_string\"}}],\"inLanguage\":\"es\"},{\"@type\":[\"Person\",\"Organization\"],\"@id\":\"https:\/\/linkbuilderitalia.com\/es\/#\/schema\/person\/6092d81f12b7281f2c8fe976a87851d7\",\"name\":\"Antonello Di Muccio\",\"image\":{\"@type\":\"ImageObject\",\"inLanguage\":\"es\",\"@id\":\"https:\/\/linkbuilderitalia.com\/es\/#\/schema\/person\/image\/\",\"url\":\"https:\/\/linkbuilderitalia.com\/wp-content\/uploads\/2024\/09\/g232.png\",\"contentUrl\":\"https:\/\/linkbuilderitalia.com\/wp-content\/uploads\/2024\/09\/g232.png\",\"width\":275,\"height\":112,\"caption\":\"Antonello Di Muccio\"},\"logo\":{\"@id\":\"https:\/\/linkbuilderitalia.com\/es\/#\/schema\/person\/image\/\"}}]}<\/script>\n<!-- \/ Yoast SEO plugin. -->","yoast_head_json":{"title":"Quienes somos | Link Builder Italia","description":"Con anni di esperienza nel mondo della link building Link Builder Italia \u00e8 tra il partner pi\u00f9 affidabili per chi vuole far crescere il proprio sito web.","robots":{"index":"index","follow":"follow","max-snippet":"max-snippet:-1","max-image-preview":"max-image-preview:large","max-video-preview":"max-video-preview:-1"},"canonical":"https:\/\/linkbuilderitalia.com\/es\/quienes-somos\/","og_locale":"es_ES","og_type":"article","og_title":"Quienes somos | Link Builder Italia","og_description":"Con anni di esperienza nel mondo della link building Link Builder Italia \u00e8 tra il partner pi\u00f9 affidabili per chi vuole far crescere il proprio sito web.","og_url":"https:\/\/linkbuilderitalia.com\/es\/quienes-somos\/","og_site_name":"Link Builder Italia","article_modified_time":"2024-07-17T16:28:26+00:00","twitter_card":"summary_large_image","schema":{"@context":"https:\/\/schema.org","@graph":[{"@type":"WebPage","@id":"https:\/\/linkbuilderitalia.com\/es\/quienes-somos\/","url":"https:\/\/linkbuilderitalia.com\/es\/quienes-somos\/","name":"Quienes somos | Link Builder Italia","isPartOf":{"@id":"https:\/\/linkbuilderitalia.com\/es\/#website"},"datePublished":"2019-06-11T14:13:18+00:00","dateModified":"2024-07-17T16:28:26+00:00","description":"Con anni di esperienza nel mondo della link building Link Builder Italia \u00e8 tra il partner pi\u00f9 affidabili per chi vuole far crescere il proprio sito web.","breadcrumb":{"@id":"https:\/\/linkbuilderitalia.com\/es\/quienes-somos\/#breadcrumb"},"inLanguage":"es","potentialAction":[{"@type":"ReadAction","target":["https:\/\/linkbuilderitalia.com\/es\/quienes-somos\/"]}]},{"@type":"BreadcrumbList","@id":"https:\/\/linkbuilderitalia.com\/es\/quienes-somos\/#breadcrumb","itemListElement":[{"@type":"ListItem","position":1,"name":"Home","item":"https:\/\/linkbuilderitalia.com\/es\/"},{"@type":"ListItem","position":2,"name":"Quienes somos"}]},{"@type":"WebSite","@id":"https:\/\/linkbuilderitalia.com\/es\/#website","url":"https:\/\/linkbuilderitalia.com\/es\/","name":"Link Builder Italia","description":"","publisher":{"@id":"https:\/\/linkbuilderitalia.com\/es\/#\/schema\/person\/6092d81f12b7281f2c8fe976a87851d7"},"potentialAction":[{"@type":"SearchAction","target":{"@type":"EntryPoint","urlTemplate":"https:\/\/linkbuilderitalia.com\/es\/?s={search_term_string}"},"query-input":{"@type":"PropertyValueSpecification","valueRequired":true,"valueName":"search_term_string"}}],"inLanguage":"es"},{"@type":["Person","Organization"],"@id":"https:\/\/linkbuilderitalia.com\/es\/#\/schema\/person\/6092d81f12b7281f2c8fe976a87851d7","name":"Antonello Di Muccio","image":{"@type":"ImageObject","inLanguage":"es","@id":"https:\/\/linkbuilderitalia.com\/es\/#\/schema\/person\/image\/","url":"https:\/\/linkbuilderitalia.com\/wp-content\/uploads\/2024\/09\/g232.png","contentUrl":"https:\/\/linkbuilderitalia.com\/wp-content\/uploads\/2024\/09\/g232.png","width":275,"height":112,"caption":"Antonello Di Muccio"},"logo":{"@id":"https:\/\/linkbuilderitalia.com\/es\/#\/schema\/person\/image\/"}}]}},"_links":{"self":[{"href":"https:\/\/linkbuilderitalia.com\/es\/wp-json\/wp\/v2\/pages\/2822"}],"collection":[{"href":"https:\/\/linkbuilderitalia.com\/es\/wp-json\/wp\/v2\/pages"}],"about":[{"href":"https:\/\/linkbuilderitalia.com\/es\/wp-json\/wp\/v2\/types\/page"}],"author":[{"embeddable":true,"href":"https:\/\/linkbuilderitalia.com\/es\/wp-json\/wp\/v2\/users\/1"}],"replies":[{"embeddable":true,"href":"https:\/\/linkbuilderitalia.com\/es\/wp-json\/wp\/v2\/comments?post=2822"}],"version-history":[{"count":3,"href":"https:\/\/linkbuilderitalia.com\/es\/wp-json\/wp\/v2\/pages\/2822\/revisions"}],"predecessor-version":[{"id":2825,"href":"https:\/\/linkbuilderitalia.com\/es\/wp-json\/wp\/v2\/pages\/2822\/revisions\/2825"}],"wp:attachment":[{"href":"https:\/\/linkbuilderitalia.com\/es\/wp-json\/wp\/v2\/media?parent=2822"}],"curies":[{"name":"wp","href":"https:\/\/api.w.org\/{rel}","templated":true}]}}