{"id":2827,"date":"2019-06-11T15:15:16","date_gmt":"2019-06-11T14:15:16","guid":{"rendered":"https:\/\/linkbuilderitalia.com\/servizi\/"},"modified":"2024-07-17T18:44:28","modified_gmt":"2024-07-17T17:44:28","slug":"servicios","status":"publish","type":"page","link":"https:\/\/linkbuilderitalia.com\/es\/servicios\/","title":{"rendered":"Servicios"},"content":{"rendered":"[vc_row el_id=&#8221;services&#8221;][vc_column css=&#8221;.vc_custom_1560254936797{padding-top: 110px !important;padding-bottom: 85px !important;}&#8221;][vc_row_inner content_placement=&#8221;middle&#8221; css=&#8221;.vc_custom_1558426183631{padding-bottom: 10px !important;}&#8221;][vc_column_inner width=&#8221;1\/2&#8243; css=&#8221;.vc_custom_1557817659560{padding-top: 0px !important;padding-bottom: 59px !important;}&#8221;][ct_heading text=&#8221;Nuestra profesionalidad y experiencia a <cite>su servicio<\/cite>&#8221; font_weight=&#8221;&#8221; subtitle=&#8221;Servizi&#8221; description_font_weight=&#8221;inherit&#8221; margin_bottom=&#8221;0&#8243;][\/vc_column_inner][vc_column_inner width=&#8221;1\/2&#8243; ct_column_inner_class=&#8221;rm-padding-lg&#8221; css=&#8221;.vc_custom_1557817663792{padding-top: 0px !important;padding-bottom: 59px !important;padding-left: 100px !important;}&#8221;][vc_column_text text_style=&#8221;text-block1&#8243; css=&#8221;.vc_custom_1721238164499{margin-bottom: 0px !important;}&#8221;]Link Builder Italia es el socio ideal para su creaci\u00f3n de enlaces, relaciones p\u00fablicas digitales y redacci\u00f3n de textos publicitarios <a href=\"https:\/\/linkbuilderitalia.com\/es\/blog\/que-son-los-backlinks\/\">SEO<\/a>.[\/vc_column_text][\/vc_column_inner][\/vc_row_inner][ct_services_grid content_list=&#8221;%5B%7B%22title%22%3A%22Construcci%C3%B3n%20de%20enlaces%22%2C%22description%22%3A%22Los%20backlinks%20siguen%20siendo%20uno%20de%20los%20factores%20de%20clasi%5Cu001fcaci%C3%B3n%20m%C3%A1s%20importantes%20para%20Google.%20Tener%20un%20perfil%20de%20backlinks%20de%20calidad%20es%20vital%20para%20dominar%20las%20SERP%20de%20su%20negocio.%20Link%20Builder%20Italia%20garantiza%20un%20servicio%20de%20construc%EF%BF%BEci%C3%B3n%20de%20enlaces%20de%20alto%20nivel%20y%20la%20posibilidad%20de%20publicar%20en%20los%20principales%20peri%C3%B3dicos%20nacionales%20y%20sitios%20web%20especializados.%22%2C%22icon%22%3A%221727%22%2C%22icon_hover%22%3A%221727%22%2C%22button_text%22%3A%22Cont%C3%A1ctenos%22%2C%22button_link%22%3A%22url%3Ahttps%253A%252F%252Flinkbuilderitalia.com%252Fes%252Fcontacto%252F%7Ctitle%3AContatti%22%7D%2C%7B%22title%22%3A%22Creaci%C3%B3n%20de%20enlaces%20de%20marca%20blanca%22%2C%22description%22%3A%22El%20servicio%20de%20link%20building%20de%20marca%20blanca%20de%20Link%20Builder%20Italia%20permite%20a%20las%20agencias%20de%20marketing%20revender%20nuestros%20servicios%20de%20link%20building%20bajo%20su%20propia%20marca%2C%20ofreciendo%20soluciones%20eficaces%20y%20personalizadas%20a%20sus%20clientes.%20Nos%20encargamos%20de%20todas%20las%20actividades%20operativas%2C%20garantizando%20resultados%20de%20calidad%20y%20el%20cumplimiento%20de%20las%20directrices%20de%20los%20motores%20de%20b%C3%BAsqueda.%20Gracias%20a%20nuestra%20experiencia%20y%20conocimientos%2C%20podr%C3%A1%20ampliar%20su%20oferta%20de%20servicios%20y%20mejorar%20su%20competitividad%20en%20el%20mercado%2C%20manteniendo%20al%20mismo%20tiempo%20el%20control%20sobre%20las%20relaciones%20con%20sus%20clientes.%22%2C%22icon%22%3A%221731%22%2C%22icon_hover%22%3A%221731%22%2C%22button_text%22%3A%22Cont%C3%A1ctenos%22%2C%22button_link%22%3A%22url%3Ahttps%253A%252F%252Flinkbuilderitalia.com%252Fes%252Fcontacto%252F%7Ctitle%3AContacto%22%7D%2C%7B%22title%22%3A%22Relaciones%20p%C3%BAblicas%20%20digitales%22%2C%22description%22%3A%22Las%20relaciones%20p%C3%BAblicas%20digitales%20a%20menudo%20se%20confunden%20con%20la%20%20construcci%C3%B3n%20de%20enlaces%2C%20sin%20embargo%2C%20estas%20dos%20actividades%20deben%20ser%20complementarias.%20Las%20relaciones%20p%C3%BAblicas%20digitales%20tienen%20como%20objetivo%20poner%20su%20producto%20o%20servicio%20frente%20al%20p%C3%BAblico%20en%20general%20a%20trav%C3%A9s%20de%20la%20comunicaci%C3%B3n%20digital%2C%20por%20ejemplo%2C%20publicaciones%20de%20invitados%20e%20influencers.%22%2C%22icon%22%3A%221731%22%2C%22icon_hover%22%3A%221731%22%2C%22button_text%22%3A%22Cont%C3%A1ctenos%22%2C%22button_link%22%3A%22url%3Ahttps%253A%252F%252Flinkbuilderitalia.com%252Fes%252Fcontacto%252F%7Ctitle%3AContatti%22%7D%2C%7B%22title%22%3A%22Redacci%C3%B3n%20SEO%22%2C%22description%22%3A%22Link%20Builder%20Italia%20ofrece%20un%20servicio%20de%20redacci%C3%B3n%20SEO%20de%20alta%20calidad%20con%20nuestro%20equipo%20de%20redactores%20profesionales%20y%20experimentados.%20Este%20servicio%20no%20es%20solo%20para%20la%20construcci%C3%B3n%20de%20enlaces%20o%20la%20actividad%20de%20relaciones%20p%C3%BAblicas%20digitales%2C%20sino%20tambi%C3%A9n%20para%20aquellos%20que%20simplemente%20pueden%20requerir%20contenido%20para%20sus%20sitios%20web.%20Desde%20la%20investigaci%C3%B3n%20de%20palabras%20clave%20hasta%20la%20publicaci%C3%B3n%2C%20%C2%A1nos%20ocupamos%20de%20todo!%22%2C%22icon%22%3A%221760%22%2C%22icon_hover%22%3A%221760%22%2C%22button_text%22%3A%22Cont%C3%A1ctenos%22%2C%22button_link%22%3A%22url%3Ahttps%253A%252F%252Flinkbuilderitalia.com%252Fes%252Fcontacto%252F%7Ctitle%3AContatti%22%7D%2C%7B%22title%22%3A%22Creaci%C3%B3n%20de%20sitios%20web%22%2C%22description%22%3A%22Creamos%20sitios%20web%20para%20pymes%20que%20buscan%20mejorar%20su%20presencia%20online.%20Cada%20viaje%20empresarial%20de%20hoy%20comienza%20con%20un%20sitio%20web%20r%C3%A1pido%2C%20utilizable%20y%20compatible%20con%20SEO.%22%2C%22icon%22%3A%221729%22%2C%22icon_hover%22%3A%221729%22%2C%22button_text%22%3A%22Cont%C3%A1ctenos%22%2C%22button_link%22%3A%22url%3Ahttps%253A%252F%252Flinkbuilderitalia.com%252Fes%252Fcontacto%252F%7Ctitle%3AContatti%22%7D%2C%7B%22title%22%3A%22SEO%20on%20page%22%2C%22description%22%3A%22La%20consultor%C3%ADa%20de%20SEO%20en%20la%20p%C3%A1gina%20est%C3%A1%20disponible%20para%20los%20propietari%EF%BF%BEos%20de%20sitios%20web%20que%20no%20pueden%20hacer%20despegar%20su%20proyecto%20debido%20a%20bases%20d%C3%A9biles%20de%20SEO.%20La%20%5Cnoptimizaci%C3%B3n%20en%20la%20p%C3%A1gina%20puede%20jugar%20un%20papel%20crucial%20en%20una%20estrategia%20de%20SEO%2C%20tanto%20como%20la%20construcci%C3%B3n%20de%20enlaces.%22%2C%22icon%22%3A%221761%22%2C%22icon_hover%22%3A%221761%22%2C%22button_text%22%3A%22Cont%C3%A1ctenos%22%2C%22button_link%22%3A%22url%3Ahttps%253A%252F%252Flinkbuilderitalia.com%252Fes%252Fcontacto%252F%7Ctitle%3AContatti%22%7D%5D&#8221; col_xs=&#8221;1&#8243; col_sm=&#8221;2&#8243; col_md=&#8221;3&#8243; col_lg=&#8221;3&#8243; col_xl=&#8221;3&#8243;][\/vc_column][\/vc_row]\n","protected":false},"excerpt":{"rendered":"<p>[vc_row el_id=&#8221;services&#8221;][vc_column css=&#8221;.vc_custom_1560254936797{padding-top: 110px !important;padding-bottom: 85px !important;}&#8221;][vc_row_inner content_placement=&#8221;middle&#8221; css=&#8221;.vc_custom_1558426183631{padding-bottom: 10px !important;}&#8221;][vc_column_inner width=&#8221;1\/2&#8243; css=&#8221;.vc_custom_1557817659560{padding-top: 0px !important;padding-bottom: 59px !important;}&#8221;][ct_heading text=&#8221;Nuestra profesionalidad y experiencia a su servicio&#8221; font_weight=&#8221;&#8221; subtitle=&#8221;Servizi&#8221; description_font_weight=&#8221;inherit&#8221; margin_bottom=&#8221;0&#8243;][\/vc_column_inner][vc_column_inner width=&#8221;1\/2&#8243; ct_column_inner_class=&#8221;rm-padding-lg&#8221; css=&#8221;.vc_custom_1557817663792{padding-top: 0px !important;padding-bottom: 59px !important;padding-left: 100px !important;}&#8221;][vc_column_text text_style=&#8221;text-block1&#8243; css=&#8221;.vc_custom_1721238164499{margin-bottom: 0px !important;}&#8221;]Link Builder Italia es el socio ideal para su creaci\u00f3n de enlaces, relaciones p\u00fablicas digitales&#8230;<\/p>\n","protected":false},"author":1,"featured_media":0,"parent":0,"menu_order":0,"comment_status":"closed","ping_status":"closed","template":"","meta":{"footnotes":""},"yoast_head":"<!-- This site is optimized with the Yoast SEO plugin v23.5 - https:\/\/yoast.com\/wordpress\/plugins\/seo\/ -->\n<title>Link building, digital PR e testi SEO - Link Builder Italia<\/title>\n<meta name=\"description\" content=\"Sono tanti i servizi che Link Builder Italia offre a tutti i suoi clienti: link building, digital PR, Testi SEO, siti web e ottimizzazione SEO.\" \/>\n<meta name=\"robots\" content=\"index, follow, max-snippet:-1, max-image-preview:large, max-video-preview:-1\" \/>\n<link rel=\"canonical\" href=\"https:\/\/linkbuilderitalia.com\/es\/servicios\/\" \/>\n<meta property=\"og:locale\" content=\"es_ES\" \/>\n<meta property=\"og:type\" content=\"article\" \/>\n<meta property=\"og:title\" content=\"Link building, digital PR e testi SEO - Link Builder Italia\" \/>\n<meta property=\"og:description\" content=\"Sono tanti i servizi che Link Builder Italia offre a tutti i suoi clienti: link building, digital PR, Testi SEO, siti web e ottimizzazione SEO.\" \/>\n<meta property=\"og:url\" content=\"https:\/\/linkbuilderitalia.com\/es\/servicios\/\" \/>\n<meta property=\"og:site_name\" content=\"Link Builder Italia\" \/>\n<meta property=\"article:modified_time\" content=\"2024-07-17T17:44:28+00:00\" \/>\n<meta name=\"twitter:card\" content=\"summary_large_image\" \/>\n<script type=\"application\/ld+json\" class=\"yoast-schema-graph\">{\"@context\":\"https:\/\/schema.org\",\"@graph\":[{\"@type\":\"WebPage\",\"@id\":\"https:\/\/linkbuilderitalia.com\/es\/servicios\/\",\"url\":\"https:\/\/linkbuilderitalia.com\/es\/servicios\/\",\"name\":\"Link building, digital PR e testi SEO - Link Builder Italia\",\"isPartOf\":{\"@id\":\"https:\/\/linkbuilderitalia.com\/es\/#website\"},\"datePublished\":\"2019-06-11T14:15:16+00:00\",\"dateModified\":\"2024-07-17T17:44:28+00:00\",\"description\":\"Sono tanti i servizi che Link Builder Italia offre a tutti i suoi clienti: link building, digital PR, Testi SEO, siti web e ottimizzazione SEO.\",\"breadcrumb\":{\"@id\":\"https:\/\/linkbuilderitalia.com\/es\/servicios\/#breadcrumb\"},\"inLanguage\":\"es\",\"potentialAction\":[{\"@type\":\"ReadAction\",\"target\":[\"https:\/\/linkbuilderitalia.com\/es\/servicios\/\"]}]},{\"@type\":\"BreadcrumbList\",\"@id\":\"https:\/\/linkbuilderitalia.com\/es\/servicios\/#breadcrumb\",\"itemListElement\":[{\"@type\":\"ListItem\",\"position\":1,\"name\":\"Home\",\"item\":\"https:\/\/linkbuilderitalia.com\/es\/\"},{\"@type\":\"ListItem\",\"position\":2,\"name\":\"Servicios\"}]},{\"@type\":\"WebSite\",\"@id\":\"https:\/\/linkbuilderitalia.com\/es\/#website\",\"url\":\"https:\/\/linkbuilderitalia.com\/es\/\",\"name\":\"Link Builder Italia\",\"description\":\"\",\"publisher\":{\"@id\":\"https:\/\/linkbuilderitalia.com\/es\/#\/schema\/person\/6092d81f12b7281f2c8fe976a87851d7\"},\"potentialAction\":[{\"@type\":\"SearchAction\",\"target\":{\"@type\":\"EntryPoint\",\"urlTemplate\":\"https:\/\/linkbuilderitalia.com\/es\/?s={search_term_string}\"},\"query-input\":{\"@type\":\"PropertyValueSpecification\",\"valueRequired\":true,\"valueName\":\"search_term_string\"}}],\"inLanguage\":\"es\"},{\"@type\":[\"Person\",\"Organization\"],\"@id\":\"https:\/\/linkbuilderitalia.com\/es\/#\/schema\/person\/6092d81f12b7281f2c8fe976a87851d7\",\"name\":\"Antonello Di Muccio\",\"image\":{\"@type\":\"ImageObject\",\"inLanguage\":\"es\",\"@id\":\"https:\/\/linkbuilderitalia.com\/es\/#\/schema\/person\/image\/\",\"url\":\"https:\/\/linkbuilderitalia.com\/wp-content\/uploads\/2024\/09\/g232.png\",\"contentUrl\":\"https:\/\/linkbuilderitalia.com\/wp-content\/uploads\/2024\/09\/g232.png\",\"width\":275,\"height\":112,\"caption\":\"Antonello Di Muccio\"},\"logo\":{\"@id\":\"https:\/\/linkbuilderitalia.com\/es\/#\/schema\/person\/image\/\"}}]}<\/script>\n<!-- \/ Yoast SEO plugin. -->","yoast_head_json":{"title":"Link building, digital PR e testi SEO - Link Builder Italia","description":"Sono tanti i servizi che Link Builder Italia offre a tutti i suoi clienti: link building, digital PR, Testi SEO, siti web e ottimizzazione SEO.","robots":{"index":"index","follow":"follow","max-snippet":"max-snippet:-1","max-image-preview":"max-image-preview:large","max-video-preview":"max-video-preview:-1"},"canonical":"https:\/\/linkbuilderitalia.com\/es\/servicios\/","og_locale":"es_ES","og_type":"article","og_title":"Link building, digital PR e testi SEO - Link Builder Italia","og_description":"Sono tanti i servizi che Link Builder Italia offre a tutti i suoi clienti: link building, digital PR, Testi SEO, siti web e ottimizzazione SEO.","og_url":"https:\/\/linkbuilderitalia.com\/es\/servicios\/","og_site_name":"Link Builder Italia","article_modified_time":"2024-07-17T17:44:28+00:00","twitter_card":"summary_large_image","schema":{"@context":"https:\/\/schema.org","@graph":[{"@type":"WebPage","@id":"https:\/\/linkbuilderitalia.com\/es\/servicios\/","url":"https:\/\/linkbuilderitalia.com\/es\/servicios\/","name":"Link building, digital PR e testi SEO - Link Builder Italia","isPartOf":{"@id":"https:\/\/linkbuilderitalia.com\/es\/#website"},"datePublished":"2019-06-11T14:15:16+00:00","dateModified":"2024-07-17T17:44:28+00:00","description":"Sono tanti i servizi che Link Builder Italia offre a tutti i suoi clienti: link building, digital PR, Testi SEO, siti web e ottimizzazione SEO.","breadcrumb":{"@id":"https:\/\/linkbuilderitalia.com\/es\/servicios\/#breadcrumb"},"inLanguage":"es","potentialAction":[{"@type":"ReadAction","target":["https:\/\/linkbuilderitalia.com\/es\/servicios\/"]}]},{"@type":"BreadcrumbList","@id":"https:\/\/linkbuilderitalia.com\/es\/servicios\/#breadcrumb","itemListElement":[{"@type":"ListItem","position":1,"name":"Home","item":"https:\/\/linkbuilderitalia.com\/es\/"},{"@type":"ListItem","position":2,"name":"Servicios"}]},{"@type":"WebSite","@id":"https:\/\/linkbuilderitalia.com\/es\/#website","url":"https:\/\/linkbuilderitalia.com\/es\/","name":"Link Builder Italia","description":"","publisher":{"@id":"https:\/\/linkbuilderitalia.com\/es\/#\/schema\/person\/6092d81f12b7281f2c8fe976a87851d7"},"potentialAction":[{"@type":"SearchAction","target":{"@type":"EntryPoint","urlTemplate":"https:\/\/linkbuilderitalia.com\/es\/?s={search_term_string}"},"query-input":{"@type":"PropertyValueSpecification","valueRequired":true,"valueName":"search_term_string"}}],"inLanguage":"es"},{"@type":["Person","Organization"],"@id":"https:\/\/linkbuilderitalia.com\/es\/#\/schema\/person\/6092d81f12b7281f2c8fe976a87851d7","name":"Antonello Di Muccio","image":{"@type":"ImageObject","inLanguage":"es","@id":"https:\/\/linkbuilderitalia.com\/es\/#\/schema\/person\/image\/","url":"https:\/\/linkbuilderitalia.com\/wp-content\/uploads\/2024\/09\/g232.png","contentUrl":"https:\/\/linkbuilderitalia.com\/wp-content\/uploads\/2024\/09\/g232.png","width":275,"height":112,"caption":"Antonello Di Muccio"},"logo":{"@id":"https:\/\/linkbuilderitalia.com\/es\/#\/schema\/person\/image\/"}}]}},"_links":{"self":[{"href":"https:\/\/linkbuilderitalia.com\/es\/wp-json\/wp\/v2\/pages\/2827"}],"collection":[{"href":"https:\/\/linkbuilderitalia.com\/es\/wp-json\/wp\/v2\/pages"}],"about":[{"href":"https:\/\/linkbuilderitalia.com\/es\/wp-json\/wp\/v2\/types\/page"}],"author":[{"embeddable":true,"href":"https:\/\/linkbuilderitalia.com\/es\/wp-json\/wp\/v2\/users\/1"}],"replies":[{"embeddable":true,"href":"https:\/\/linkbuilderitalia.com\/es\/wp-json\/wp\/v2\/comments?post=2827"}],"version-history":[{"count":4,"href":"https:\/\/linkbuilderitalia.com\/es\/wp-json\/wp\/v2\/pages\/2827\/revisions"}],"predecessor-version":[{"id":2843,"href":"https:\/\/linkbuilderitalia.com\/es\/wp-json\/wp\/v2\/pages\/2827\/revisions\/2843"}],"wp:attachment":[{"href":"https:\/\/linkbuilderitalia.com\/es\/wp-json\/wp\/v2\/media?parent=2827"}],"curies":[{"name":"wp","href":"https:\/\/api.w.org\/{rel}","templated":true}]}}