{"id":2832,"date":"2019-06-11T15:19:07","date_gmt":"2019-06-11T14:19:07","guid":{"rendered":"https:\/\/linkbuilderitalia.com\/contatti\/"},"modified":"2024-07-17T18:21:01","modified_gmt":"2024-07-17T17:21:01","slug":"contacto","status":"publish","type":"page","link":"https:\/\/linkbuilderitalia.com\/es\/contacto\/","title":{"rendered":"Contacto"},"content":{"rendered":"<div class=\"su-row\"><div class=\"su-column su-column-size-1-2\"><div class=\"su-column-inner su-u-clearfix su-u-trim\">\n<h3>Para cualquier informaci\u00f3n o para solicitar un presupuesto, \u00a1 simplemente cont\u00e1ctenos!<\/h3>\n<p>Puede contactarnos a trav\u00e9s de nuestro sitio web, por correo electr\u00f3nico o por tel\u00e9fono:<\/p>\n<p>&#x1f4cd; Via Ruggero Fiore, 39 &#8211; Roma<br \/>\n&#x260e;&#xfe0f; +39 3293525272<br \/>\n&#x1f4e9; info@linkbuilderitalia.com<\/p>\n<\/div><\/div>\n<div class=\"su-column su-column-size-1-2\"><div class=\"su-column-inner su-u-clearfix su-u-trim\">\n\n<div class=\"wpcf7 no-js\" id=\"wpcf7-f2837-o1\" lang=\"en-US\" dir=\"ltr\">\n<div class=\"screen-reader-response\"><p role=\"status\" aria-live=\"polite\" aria-atomic=\"true\"><\/p> <ul><\/ul><\/div>\n<form action=\"\/es\/wp-json\/wp\/v2\/pages\/2832#wpcf7-f2837-o1\" method=\"post\" class=\"wpcf7-form init\" aria-label=\"Contact form\" novalidate=\"novalidate\" data-status=\"init\">\n<div style=\"display: none;\">\n<input type=\"hidden\" name=\"_wpcf7\" value=\"2837\" \/>\n<input type=\"hidden\" name=\"_wpcf7_version\" value=\"5.9.8\" \/>\n<input type=\"hidden\" name=\"_wpcf7_locale\" value=\"en_US\" \/>\n<input type=\"hidden\" name=\"_wpcf7_unit_tag\" value=\"wpcf7-f2837-o1\" \/>\n<input type=\"hidden\" name=\"_wpcf7_container_post\" value=\"0\" \/>\n<input type=\"hidden\" name=\"_wpcf7_posted_data_hash\" value=\"\" \/>\n<\/div>\n<div class=\"input-filled\">\n\t<p><span class=\"wpcf7-form-control-wrap\" data-name=\"your-name\"><input size=\"40\" maxlength=\"400\" class=\"wpcf7-form-control wpcf7-text wpcf7-validates-as-required\" aria-required=\"true\" aria-invalid=\"false\" placeholder=\"Tu nombre*\" value=\"\" type=\"text\" name=\"your-name\" \/><\/span>\n\t<\/p>\n<\/div>\n<div class=\"input-filled\">\n\t<p><span class=\"wpcf7-form-control-wrap\" data-name=\"your-phone\"><input size=\"40\" maxlength=\"400\" class=\"wpcf7-form-control wpcf7-text wpcf7-validates-as-required\" aria-required=\"true\" aria-invalid=\"false\" placeholder=\"Tu n\u00famero de tel\u00e9fono*\" value=\"\" type=\"text\" name=\"your-phone\" \/><\/span>\n\t<\/p>\n<\/div>\n<div class=\"input-filled\">\n\t<p><span class=\"wpcf7-form-control-wrap\" data-name=\"your-email\"><input size=\"40\" maxlength=\"400\" class=\"wpcf7-form-control wpcf7-email wpcf7-validates-as-required wpcf7-text wpcf7-validates-as-email\" aria-required=\"true\" aria-invalid=\"false\" placeholder=\"Tu direcci\u00f3n de correo electr\u00f3nico*\" value=\"\" type=\"email\" name=\"your-email\" \/><\/span>\n\t<\/p>\n<\/div>\n<div class=\"input-filled\">\n\t<p><span class=\"wpcf7-form-control-wrap\" data-name=\"your-subject\"><input size=\"40\" maxlength=\"400\" class=\"wpcf7-form-control wpcf7-text wpcf7-validates-as-required\" aria-required=\"true\" aria-invalid=\"false\" placeholder=\"Sujeto*\" value=\"\" type=\"text\" name=\"your-subject\" \/><\/span>\n\t<\/p>\n<\/div>\n<div class=\"input-filled\">\n\t<p><span class=\"wpcf7-form-control-wrap\" data-name=\"messaggio\"><textarea cols=\"40\" rows=\"10\" maxlength=\"2000\" class=\"wpcf7-form-control wpcf7-textarea wpcf7-validates-as-required\" aria-required=\"true\" aria-invalid=\"false\" placeholder=\"Mensaje:*\" name=\"messaggio\"><\/textarea><\/span>\n\t<\/p>\n\t<div class=\"input-filled\">\n\t\t<p><span class=\"wpcf7-form-control-wrap\" data-name=\"your-services\"><select class=\"wpcf7-form-control wpcf7-select wpcf7-validates-as-required\" aria-required=\"true\" aria-invalid=\"false\" name=\"your-services\"><option value=\"Servicios\">Servicios<\/option><option value=\"Construcci\u00f3n de enlaces\"><a href=\"https:\/\/linkbuilderitalia.com\/es\/blog\/que-son-los-backlinks\/\">Construcci\u00f3n de enlaces<\/a><\/option><option value=\"Relaciones p\u00fablicas digitales\">Relaciones p\u00fablicas digitales<\/option><option value=\"Redacci\u00f3n SEO\">Redacci\u00f3n <a href=\"https:\/\/linkbuilderitalia.com\/es\/blog\/marcado-de-esquema-y-vinculos-de-retroceso\/\">SEO<\/a><\/option><\/select><\/span>\n\t\t<\/p>\n\t<\/div>\n\t<p><input class=\"wpcf7-form-control wpcf7-submit has-spinner btn\" type=\"submit\" value=\"ENV\u00cdA\" \/>\n\t<\/p>\n<\/div><p style=\"display: none !important;\" class=\"akismet-fields-container\" data-prefix=\"_wpcf7_ak_\"><label>&#916;<textarea name=\"_wpcf7_ak_hp_textarea\" cols=\"45\" rows=\"8\" maxlength=\"100\"><\/textarea><\/label><input type=\"hidden\" id=\"ak_js_1\" name=\"_wpcf7_ak_js\" value=\"138\"\/><script type=\"text\/javascript\">\n\/* <![CDATA[ *\/\ndocument.getElementById( \"ak_js_1\" ).setAttribute( \"value\", ( new Date() ).getTime() );\n\/* ]]> *\/\n<\/script>\n<\/p><div class=\"wpcf7-response-output\" aria-hidden=\"true\"><\/div>\n<\/form>\n<\/div>\n\n<\/div><\/div>\n<\/div>\n","protected":false},"excerpt":{"rendered":"Para cualquier informaci\u00f3n o para solicitar un presupuesto, \u00a1 simplemente cont\u00e1ctenos! Puede contactarnos a trav\u00e9s de nuestro sitio web, por correo electr\u00f3nico o por tel\u00e9fono: &#x1f4cd; Via Ruggero Fiore, 39 &#8211; Roma &#x260e;&#xfe0f; +39 3293525272 &#x1f4e9; info@linkbuilderitalia.com ServiciosConstrucci\u00f3n de enlacesRelaciones p\u00fablicas digitalesRedacci\u00f3n SEO &#916;","protected":false},"author":1,"featured_media":0,"parent":0,"menu_order":0,"comment_status":"closed","ping_status":"closed","template":"","meta":{"footnotes":""},"yoast_head":"<!-- This site is optimized with the Yoast SEO plugin v23.5 - https:\/\/yoast.com\/wordpress\/plugins\/seo\/ -->\n<title>Contatti | Link Builder Italia<\/title>\n<meta name=\"description\" content=\"Link Builder Italia ti segue per le tue attivit\u00e0 di link building e digital PR. Contattaci per maggiori informazione o per un preventivo gratuito!\" \/>\n<meta name=\"robots\" content=\"index, follow, max-snippet:-1, max-image-preview:large, max-video-preview:-1\" \/>\n<link rel=\"canonical\" href=\"https:\/\/linkbuilderitalia.com\/es\/contacto\/\" \/>\n<meta property=\"og:locale\" content=\"es_ES\" \/>\n<meta property=\"og:type\" content=\"article\" \/>\n<meta property=\"og:title\" content=\"Contatti | Link Builder Italia\" \/>\n<meta property=\"og:description\" content=\"Link Builder Italia ti segue per le tue attivit\u00e0 di link building e digital PR. Contattaci per maggiori informazione o per un preventivo gratuito!\" \/>\n<meta property=\"og:url\" content=\"https:\/\/linkbuilderitalia.com\/es\/contacto\/\" \/>\n<meta property=\"og:site_name\" content=\"Link Builder Italia\" \/>\n<meta property=\"article:modified_time\" content=\"2024-07-17T17:21:01+00:00\" \/>\n<meta name=\"twitter:card\" content=\"summary_large_image\" \/>\n<script type=\"application\/ld+json\" class=\"yoast-schema-graph\">{\"@context\":\"https:\/\/schema.org\",\"@graph\":[{\"@type\":\"WebPage\",\"@id\":\"https:\/\/linkbuilderitalia.com\/es\/contacto\/\",\"url\":\"https:\/\/linkbuilderitalia.com\/es\/contacto\/\",\"name\":\"Contatti | Link Builder Italia\",\"isPartOf\":{\"@id\":\"https:\/\/linkbuilderitalia.com\/es\/#website\"},\"datePublished\":\"2019-06-11T14:19:07+00:00\",\"dateModified\":\"2024-07-17T17:21:01+00:00\",\"description\":\"Link Builder Italia ti segue per le tue attivit\u00e0 di link building e digital PR. Contattaci per maggiori informazione o per un preventivo gratuito!\",\"breadcrumb\":{\"@id\":\"https:\/\/linkbuilderitalia.com\/es\/contacto\/#breadcrumb\"},\"inLanguage\":\"es\",\"potentialAction\":[{\"@type\":\"ReadAction\",\"target\":[\"https:\/\/linkbuilderitalia.com\/es\/contacto\/\"]}]},{\"@type\":\"BreadcrumbList\",\"@id\":\"https:\/\/linkbuilderitalia.com\/es\/contacto\/#breadcrumb\",\"itemListElement\":[{\"@type\":\"ListItem\",\"position\":1,\"name\":\"Home\",\"item\":\"https:\/\/linkbuilderitalia.com\/es\/\"},{\"@type\":\"ListItem\",\"position\":2,\"name\":\"Contacto\"}]},{\"@type\":\"WebSite\",\"@id\":\"https:\/\/linkbuilderitalia.com\/es\/#website\",\"url\":\"https:\/\/linkbuilderitalia.com\/es\/\",\"name\":\"Link Builder Italia\",\"description\":\"\",\"publisher\":{\"@id\":\"https:\/\/linkbuilderitalia.com\/es\/#\/schema\/person\/6092d81f12b7281f2c8fe976a87851d7\"},\"potentialAction\":[{\"@type\":\"SearchAction\",\"target\":{\"@type\":\"EntryPoint\",\"urlTemplate\":\"https:\/\/linkbuilderitalia.com\/es\/?s={search_term_string}\"},\"query-input\":{\"@type\":\"PropertyValueSpecification\",\"valueRequired\":true,\"valueName\":\"search_term_string\"}}],\"inLanguage\":\"es\"},{\"@type\":[\"Person\",\"Organization\"],\"@id\":\"https:\/\/linkbuilderitalia.com\/es\/#\/schema\/person\/6092d81f12b7281f2c8fe976a87851d7\",\"name\":\"Antonello Di Muccio\",\"image\":{\"@type\":\"ImageObject\",\"inLanguage\":\"es\",\"@id\":\"https:\/\/linkbuilderitalia.com\/es\/#\/schema\/person\/image\/\",\"url\":\"https:\/\/linkbuilderitalia.com\/wp-content\/uploads\/2024\/09\/g232.png\",\"contentUrl\":\"https:\/\/linkbuilderitalia.com\/wp-content\/uploads\/2024\/09\/g232.png\",\"width\":275,\"height\":112,\"caption\":\"Antonello Di Muccio\"},\"logo\":{\"@id\":\"https:\/\/linkbuilderitalia.com\/es\/#\/schema\/person\/image\/\"}}]}<\/script>\n<!-- \/ Yoast SEO plugin. -->","yoast_head_json":{"title":"Contatti | Link Builder Italia","description":"Link Builder Italia ti segue per le tue attivit\u00e0 di link building e digital PR. Contattaci per maggiori informazione o per un preventivo gratuito!","robots":{"index":"index","follow":"follow","max-snippet":"max-snippet:-1","max-image-preview":"max-image-preview:large","max-video-preview":"max-video-preview:-1"},"canonical":"https:\/\/linkbuilderitalia.com\/es\/contacto\/","og_locale":"es_ES","og_type":"article","og_title":"Contatti | Link Builder Italia","og_description":"Link Builder Italia ti segue per le tue attivit\u00e0 di link building e digital PR. Contattaci per maggiori informazione o per un preventivo gratuito!","og_url":"https:\/\/linkbuilderitalia.com\/es\/contacto\/","og_site_name":"Link Builder Italia","article_modified_time":"2024-07-17T17:21:01+00:00","twitter_card":"summary_large_image","schema":{"@context":"https:\/\/schema.org","@graph":[{"@type":"WebPage","@id":"https:\/\/linkbuilderitalia.com\/es\/contacto\/","url":"https:\/\/linkbuilderitalia.com\/es\/contacto\/","name":"Contatti | Link Builder Italia","isPartOf":{"@id":"https:\/\/linkbuilderitalia.com\/es\/#website"},"datePublished":"2019-06-11T14:19:07+00:00","dateModified":"2024-07-17T17:21:01+00:00","description":"Link Builder Italia ti segue per le tue attivit\u00e0 di link building e digital PR. Contattaci per maggiori informazione o per un preventivo gratuito!","breadcrumb":{"@id":"https:\/\/linkbuilderitalia.com\/es\/contacto\/#breadcrumb"},"inLanguage":"es","potentialAction":[{"@type":"ReadAction","target":["https:\/\/linkbuilderitalia.com\/es\/contacto\/"]}]},{"@type":"BreadcrumbList","@id":"https:\/\/linkbuilderitalia.com\/es\/contacto\/#breadcrumb","itemListElement":[{"@type":"ListItem","position":1,"name":"Home","item":"https:\/\/linkbuilderitalia.com\/es\/"},{"@type":"ListItem","position":2,"name":"Contacto"}]},{"@type":"WebSite","@id":"https:\/\/linkbuilderitalia.com\/es\/#website","url":"https:\/\/linkbuilderitalia.com\/es\/","name":"Link Builder Italia","description":"","publisher":{"@id":"https:\/\/linkbuilderitalia.com\/es\/#\/schema\/person\/6092d81f12b7281f2c8fe976a87851d7"},"potentialAction":[{"@type":"SearchAction","target":{"@type":"EntryPoint","urlTemplate":"https:\/\/linkbuilderitalia.com\/es\/?s={search_term_string}"},"query-input":{"@type":"PropertyValueSpecification","valueRequired":true,"valueName":"search_term_string"}}],"inLanguage":"es"},{"@type":["Person","Organization"],"@id":"https:\/\/linkbuilderitalia.com\/es\/#\/schema\/person\/6092d81f12b7281f2c8fe976a87851d7","name":"Antonello Di Muccio","image":{"@type":"ImageObject","inLanguage":"es","@id":"https:\/\/linkbuilderitalia.com\/es\/#\/schema\/person\/image\/","url":"https:\/\/linkbuilderitalia.com\/wp-content\/uploads\/2024\/09\/g232.png","contentUrl":"https:\/\/linkbuilderitalia.com\/wp-content\/uploads\/2024\/09\/g232.png","width":275,"height":112,"caption":"Antonello Di Muccio"},"logo":{"@id":"https:\/\/linkbuilderitalia.com\/es\/#\/schema\/person\/image\/"}}]}},"_links":{"self":[{"href":"https:\/\/linkbuilderitalia.com\/es\/wp-json\/wp\/v2\/pages\/2832"}],"collection":[{"href":"https:\/\/linkbuilderitalia.com\/es\/wp-json\/wp\/v2\/pages"}],"about":[{"href":"https:\/\/linkbuilderitalia.com\/es\/wp-json\/wp\/v2\/types\/page"}],"author":[{"embeddable":true,"href":"https:\/\/linkbuilderitalia.com\/es\/wp-json\/wp\/v2\/users\/1"}],"replies":[{"embeddable":true,"href":"https:\/\/linkbuilderitalia.com\/es\/wp-json\/wp\/v2\/comments?post=2832"}],"version-history":[{"count":5,"href":"https:\/\/linkbuilderitalia.com\/es\/wp-json\/wp\/v2\/pages\/2832\/revisions"}],"predecessor-version":[{"id":2838,"href":"https:\/\/linkbuilderitalia.com\/es\/wp-json\/wp\/v2\/pages\/2832\/revisions\/2838"}],"wp:attachment":[{"href":"https:\/\/linkbuilderitalia.com\/es\/wp-json\/wp\/v2\/media?parent=2832"}],"curies":[{"name":"wp","href":"https:\/\/api.w.org\/{rel}","templated":true}]}}