{"id":2355,"date":"2019-06-11T15:15:16","date_gmt":"2019-06-11T14:15:16","guid":{"rendered":"https:\/\/linkbuilderitalia.com\/services\/"},"modified":"2024-07-21T15:58:41","modified_gmt":"2024-07-21T14:58:41","slug":"prestations-de-service","status":"publish","type":"page","link":"https:\/\/linkbuilderitalia.com\/fr\/prestations-de-service\/","title":{"rendered":"Prestations de service"},"content":{"rendered":"[vc_row el_id=&#8221;services&#8221;][vc_column css=&#8221;.vc_custom_1560254936797{padding-top: 110px !important;padding-bottom: 85px !important;}&#8221;][vc_row_inner content_placement=&#8221;middle&#8221; css=&#8221;.vc_custom_1558426183631{padding-bottom: 10px !important;}&#8221;][vc_column_inner width=&#8221;1\/2&#8243; css=&#8221;.vc_custom_1557817659560{padding-top: 0px !important;padding-bottom: 59px !important;}&#8221;][ct_heading text=&#8221;Notre professionnalisme et notre exp\u00e9rience<br \/>\n<cite>\u00e0 votre service<\/cite>&#8221; font_weight=&#8221;&#8221; subtitle=&#8221;Our services&#8221; description_font_weight=&#8221;inherit&#8221; margin_bottom=&#8221;0&#8243;][\/vc_column_inner][vc_column_inner width=&#8221;1\/2&#8243; ct_column_inner_class=&#8221;rm-padding-lg&#8221; css=&#8221;.vc_custom_1557817663792{padding-top: 0px !important;padding-bottom: 59px !important;padding-left: 100px !important;}&#8221;][vc_column_text text_style=&#8221;text-block1&#8243; css=&#8221;.vc_custom_1721559534350{margin-bottom: 0px !important;}&#8221;]Link Builder Italia est le partenaire id\u00e9al pour votre link building, les relations publiques num\u00e9riques et la r\u00e9daction SEO.[\/vc_column_text][\/vc_column_inner][\/vc_row_inner][ct_services_grid content_list=&#8221;%5B%7B%22title%22%3A%22Cr%C3%A9ation%20de%20liens%22%2C%22description%22%3A%22Les%20backlinks%20restent%20l&#8217;un%20des%20facteurs%20de%20classement%20les%20plus%20importants%20pour%20Google.%20Avoir%20un%20profil%20de%20backlinks%20de%20qualit%C3%A9%20est%20essentiel%20pour%20dominer%20les%20SERP%20pour%20votre%20entreprise.%20Link%20Builder%20Italia%20garantit%20un%20service%20de%20link%20building%20de%20premier%20niveau%20et%20la%20possibilit%C3%A9%20de%20publier%20dans%20les%20principaux%20journaux%20nationaux%20et%20sur%20des%20sites%20web%20de%20niche.%22%2C%22icon%22%3A%221727%22%2C%22icon_hover%22%3A%221727%22%2C%22button_text%22%3A%22Nous%20contacter%22%2C%22button_link%22%3A%22url%3Ahttps%253A%252F%252Flinkbuilderitalia.com%252Ffr%252Fnous-contacter%252F%7Ctitle%3AContatti%22%7D%2C%7B%22title%22%3A%22Relations%20publiques%20num%C3%A9riques%22%2C%22description%22%3A%22Les%20relations%20publiques%20num%C3%A9riques%20sont%20souvent%20confondues%20avec%20le%20link%20building%2C%20cependant%2C%20ces%20deux%20activit%C3%A9s%20doivent%20%C3%AAtre%20compl%C3%A9mentaires.%20Les%20relations%20publiques%20num%C3%A9riques%20visent%20%C3%A0%20mettre%20votre%20produit%20ou%20service%20devant%20le%20grand%20public%20gr%C3%A2ce%20%C3%A0%20la%20communication%20num%C3%A9rique%2C%20par%20exemple%20via%20des%20articles%20invit%C3%A9s%20et%20des%20influenceurs.%22%2C%22icon%22%3A%221731%22%2C%22icon_hover%22%3A%221731%22%2C%22button_text%22%3A%22Nous%20contacter%22%2C%22button_link%22%3A%22url%3Ahttps%253A%252F%252Flinkbuilderitalia.com%252Ffr%252Fnous-contacter%252F%7Ctitle%3AContatti%22%7D%2C%7B%22title%22%3A%22%20R%C3%A9daction%20SEO%22%2C%22description%22%3A%22Link%20Builder%20Italia%20propose%20un%20service%20de%20r%C3%A9daction%20SEO%20de%20haute%20qualit%C3%A9%20avec%20notre%20%C3%A9quipe%20de%20r%C3%A9dacteurs%20exp%C3%A9riment%C3%A9s%20et%20professionnels.%20Ce%20service%20n&#8217;est%20pas%20seulement%20destin%C3%A9%20aux%20activit%C3%A9s%20de%20link%20building%20ou%20de%20relations%20publiques%20num%C3%A9riques%2C%20mais%20%C3%A9galement%20%C3%A0%20ceux%20qui%20ont%20simplement%20besoin%20de%20contenu%20pour%20leurs%20sites%20web.%20De%20la%20recherche%20de%20mots-cl%C3%A9s%20%C3%A0%20la%20publication%2C%20nous%20nous%20occupons%20de%20tout%20!%22%2C%22icon%22%3A%221760%22%2C%22icon_hover%22%3A%221760%22%2C%22button_text%22%3A%22Nous%20contacter%22%2C%22button_link%22%3A%22url%3Ahttps%253A%252F%252Flinkbuilderitalia.com%252Ffr%252Fnous-contacter%252F%7Ctitle%3AContatti%22%7D%2C%7B%22title%22%3A%22Cr%C3%A9ation%20de%20sites%20web%22%2C%22description%22%3A%22Nous%20cr%C3%A9ons%20des%20sites%20web%20pour%20les%20PME%20qui%20cherchent%20%C3%A0%20am%C3%A9liorer%20leur%20pr%C3%A9sence%20en%20ligne.%20Aujourd&#8217;hui%2C%20chaque%20parcours%20commercial%20commence%20par%20un%20site%20web%20rapide%2C%20utilisable%20et%20optimis%C3%A9%20pour%20le%20r%C3%A9f%C3%A9rencement.%22%2C%22icon%22%3A%221729%22%2C%22icon_hover%22%3A%221729%22%2C%22button_text%22%3A%22Nous%20contacter%22%2C%22button_link%22%3A%22url%3Ahttps%253A%252F%252Flinkbuilderitalia.com%252Ffr%252Fnous-contacter%252F%7Ctitle%3AContatti%22%7D%2C%7B%22title%22%3A%22SEO%20On-page%22%2C%22description%22%3A%22La%20consultation%20en%20SEO%20on-page%20est%20disponible%20pour%20les%20propri%C3%A9taires%20de%20sites%20web%20qui%20n&#8217;arrivent%20pas%20%C3%A0%20lancer%20leur%20projet%20en%20raison%20de%20bases%20SEO%20faibles.%20L&#8217;optimisation%20on-page%20peut%20jouer%20un%20r%C3%B4le%20crucial%20dans%20une%20strat%C3%A9gie%20SEO%2C%20tout%20autant%20que%20le%20link%20building.%22%2C%22icon%22%3A%221761%22%2C%22icon_hover%22%3A%221761%22%2C%22button_text%22%3A%22Nous%20contacter%22%2C%22button_link%22%3A%22url%3Ahttps%253A%252F%252Flinkbuilderitalia.com%252Ffr%252Fnous-contacter%252F%7Ctitle%3AContatti%22%7D%5D&#8221; col_xs=&#8221;1&#8243; col_sm=&#8221;2&#8243; col_md=&#8221;3&#8243; col_lg=&#8221;3&#8243; col_xl=&#8221;3&#8243;][\/vc_column][\/vc_row]\n","protected":false},"excerpt":{"rendered":"<p>[vc_row el_id=&#8221;services&#8221;][vc_column css=&#8221;.vc_custom_1560254936797{padding-top: 110px !important;padding-bottom: 85px !important;}&#8221;][vc_row_inner content_placement=&#8221;middle&#8221; css=&#8221;.vc_custom_1558426183631{padding-bottom: 10px !important;}&#8221;][vc_column_inner width=&#8221;1\/2&#8243; css=&#8221;.vc_custom_1557817659560{padding-top: 0px !important;padding-bottom: 59px !important;}&#8221;][ct_heading text=&#8221;Notre professionnalisme et notre exp\u00e9rience \u00e0 votre service&#8221; font_weight=&#8221;&#8221; subtitle=&#8221;Our services&#8221; description_font_weight=&#8221;inherit&#8221; margin_bottom=&#8221;0&#8243;][\/vc_column_inner][vc_column_inner width=&#8221;1\/2&#8243; ct_column_inner_class=&#8221;rm-padding-lg&#8221; css=&#8221;.vc_custom_1557817663792{padding-top: 0px !important;padding-bottom: 59px !important;padding-left: 100px !important;}&#8221;][vc_column_text text_style=&#8221;text-block1&#8243; css=&#8221;.vc_custom_1721559534350{margin-bottom: 0px !important;}&#8221;]Link Builder Italia est le partenaire id\u00e9al pour votre link building, les relations&#8230;<\/p>\n","protected":false},"author":1,"featured_media":0,"parent":0,"menu_order":0,"comment_status":"closed","ping_status":"closed","template":"","meta":{"footnotes":""},"yoast_head":"<!-- This site is optimized with the Yoast SEO plugin v23.5 - https:\/\/yoast.com\/wordpress\/plugins\/seo\/ -->\n<title>Prestations de service | Link Builder Italia<\/title>\n<meta name=\"description\" content=\"We offer a broad range of services from link building to digital PR, SEO copywriting technical and on-page optimisation.\" \/>\n<meta name=\"robots\" content=\"index, follow, max-snippet:-1, max-image-preview:large, max-video-preview:-1\" \/>\n<link rel=\"canonical\" href=\"https:\/\/linkbuilderitalia.com\/fr\/prestations-de-service\/\" \/>\n<meta property=\"og:locale\" content=\"fr_FR\" \/>\n<meta property=\"og:type\" content=\"article\" \/>\n<meta property=\"og:title\" content=\"Prestations de service | Link Builder Italia\" \/>\n<meta property=\"og:description\" content=\"We offer a broad range of services from link building to digital PR, SEO copywriting technical and on-page optimisation.\" \/>\n<meta property=\"og:url\" content=\"https:\/\/linkbuilderitalia.com\/fr\/prestations-de-service\/\" \/>\n<meta property=\"og:site_name\" content=\"Link Builder Italia\" \/>\n<meta property=\"article:modified_time\" content=\"2024-07-21T14:58:41+00:00\" \/>\n<meta name=\"twitter:card\" content=\"summary_large_image\" \/>\n<script type=\"application\/ld+json\" class=\"yoast-schema-graph\">{\"@context\":\"https:\/\/schema.org\",\"@graph\":[{\"@type\":\"WebPage\",\"@id\":\"https:\/\/linkbuilderitalia.com\/fr\/prestations-de-service\/\",\"url\":\"https:\/\/linkbuilderitalia.com\/fr\/prestations-de-service\/\",\"name\":\"Prestations de service | Link Builder Italia\",\"isPartOf\":{\"@id\":\"https:\/\/linkbuilderitalia.com\/fr\/#website\"},\"datePublished\":\"2019-06-11T14:15:16+00:00\",\"dateModified\":\"2024-07-21T14:58:41+00:00\",\"description\":\"We offer a broad range of services from link building to digital PR, SEO copywriting technical and on-page optimisation.\",\"breadcrumb\":{\"@id\":\"https:\/\/linkbuilderitalia.com\/fr\/prestations-de-service\/#breadcrumb\"},\"inLanguage\":\"fr-FR\",\"potentialAction\":[{\"@type\":\"ReadAction\",\"target\":[\"https:\/\/linkbuilderitalia.com\/fr\/prestations-de-service\/\"]}]},{\"@type\":\"BreadcrumbList\",\"@id\":\"https:\/\/linkbuilderitalia.com\/fr\/prestations-de-service\/#breadcrumb\",\"itemListElement\":[{\"@type\":\"ListItem\",\"position\":1,\"name\":\"Home\",\"item\":\"https:\/\/linkbuilderitalia.com\/fr\/\"},{\"@type\":\"ListItem\",\"position\":2,\"name\":\"Prestations de service\"}]},{\"@type\":\"WebSite\",\"@id\":\"https:\/\/linkbuilderitalia.com\/fr\/#website\",\"url\":\"https:\/\/linkbuilderitalia.com\/fr\/\",\"name\":\"Link Builder Italia\",\"description\":\"\",\"publisher\":{\"@id\":\"https:\/\/linkbuilderitalia.com\/fr\/#\/schema\/person\/6092d81f12b7281f2c8fe976a87851d7\"},\"potentialAction\":[{\"@type\":\"SearchAction\",\"target\":{\"@type\":\"EntryPoint\",\"urlTemplate\":\"https:\/\/linkbuilderitalia.com\/fr\/?s={search_term_string}\"},\"query-input\":{\"@type\":\"PropertyValueSpecification\",\"valueRequired\":true,\"valueName\":\"search_term_string\"}}],\"inLanguage\":\"fr-FR\"},{\"@type\":[\"Person\",\"Organization\"],\"@id\":\"https:\/\/linkbuilderitalia.com\/fr\/#\/schema\/person\/6092d81f12b7281f2c8fe976a87851d7\",\"name\":\"Antonello Di Muccio\",\"image\":{\"@type\":\"ImageObject\",\"inLanguage\":\"fr-FR\",\"@id\":\"https:\/\/linkbuilderitalia.com\/fr\/#\/schema\/person\/image\/\",\"url\":\"https:\/\/linkbuilderitalia.com\/wp-content\/uploads\/2024\/09\/g232.png\",\"contentUrl\":\"https:\/\/linkbuilderitalia.com\/wp-content\/uploads\/2024\/09\/g232.png\",\"width\":275,\"height\":112,\"caption\":\"Antonello Di Muccio\"},\"logo\":{\"@id\":\"https:\/\/linkbuilderitalia.com\/fr\/#\/schema\/person\/image\/\"}}]}<\/script>\n<!-- \/ Yoast SEO plugin. -->","yoast_head_json":{"title":"Prestations de service | Link Builder Italia","description":"We offer a broad range of services from link building to digital PR, SEO copywriting technical and on-page optimisation.","robots":{"index":"index","follow":"follow","max-snippet":"max-snippet:-1","max-image-preview":"max-image-preview:large","max-video-preview":"max-video-preview:-1"},"canonical":"https:\/\/linkbuilderitalia.com\/fr\/prestations-de-service\/","og_locale":"fr_FR","og_type":"article","og_title":"Prestations de service | Link Builder Italia","og_description":"We offer a broad range of services from link building to digital PR, SEO copywriting technical and on-page optimisation.","og_url":"https:\/\/linkbuilderitalia.com\/fr\/prestations-de-service\/","og_site_name":"Link Builder Italia","article_modified_time":"2024-07-21T14:58:41+00:00","twitter_card":"summary_large_image","schema":{"@context":"https:\/\/schema.org","@graph":[{"@type":"WebPage","@id":"https:\/\/linkbuilderitalia.com\/fr\/prestations-de-service\/","url":"https:\/\/linkbuilderitalia.com\/fr\/prestations-de-service\/","name":"Prestations de service | Link Builder Italia","isPartOf":{"@id":"https:\/\/linkbuilderitalia.com\/fr\/#website"},"datePublished":"2019-06-11T14:15:16+00:00","dateModified":"2024-07-21T14:58:41+00:00","description":"We offer a broad range of services from link building to digital PR, SEO copywriting technical and on-page optimisation.","breadcrumb":{"@id":"https:\/\/linkbuilderitalia.com\/fr\/prestations-de-service\/#breadcrumb"},"inLanguage":"fr-FR","potentialAction":[{"@type":"ReadAction","target":["https:\/\/linkbuilderitalia.com\/fr\/prestations-de-service\/"]}]},{"@type":"BreadcrumbList","@id":"https:\/\/linkbuilderitalia.com\/fr\/prestations-de-service\/#breadcrumb","itemListElement":[{"@type":"ListItem","position":1,"name":"Home","item":"https:\/\/linkbuilderitalia.com\/fr\/"},{"@type":"ListItem","position":2,"name":"Prestations de service"}]},{"@type":"WebSite","@id":"https:\/\/linkbuilderitalia.com\/fr\/#website","url":"https:\/\/linkbuilderitalia.com\/fr\/","name":"Link Builder Italia","description":"","publisher":{"@id":"https:\/\/linkbuilderitalia.com\/fr\/#\/schema\/person\/6092d81f12b7281f2c8fe976a87851d7"},"potentialAction":[{"@type":"SearchAction","target":{"@type":"EntryPoint","urlTemplate":"https:\/\/linkbuilderitalia.com\/fr\/?s={search_term_string}"},"query-input":{"@type":"PropertyValueSpecification","valueRequired":true,"valueName":"search_term_string"}}],"inLanguage":"fr-FR"},{"@type":["Person","Organization"],"@id":"https:\/\/linkbuilderitalia.com\/fr\/#\/schema\/person\/6092d81f12b7281f2c8fe976a87851d7","name":"Antonello Di Muccio","image":{"@type":"ImageObject","inLanguage":"fr-FR","@id":"https:\/\/linkbuilderitalia.com\/fr\/#\/schema\/person\/image\/","url":"https:\/\/linkbuilderitalia.com\/wp-content\/uploads\/2024\/09\/g232.png","contentUrl":"https:\/\/linkbuilderitalia.com\/wp-content\/uploads\/2024\/09\/g232.png","width":275,"height":112,"caption":"Antonello Di Muccio"},"logo":{"@id":"https:\/\/linkbuilderitalia.com\/fr\/#\/schema\/person\/image\/"}}]}},"_links":{"self":[{"href":"https:\/\/linkbuilderitalia.com\/fr\/wp-json\/wp\/v2\/pages\/2355"}],"collection":[{"href":"https:\/\/linkbuilderitalia.com\/fr\/wp-json\/wp\/v2\/pages"}],"about":[{"href":"https:\/\/linkbuilderitalia.com\/fr\/wp-json\/wp\/v2\/types\/page"}],"author":[{"embeddable":true,"href":"https:\/\/linkbuilderitalia.com\/fr\/wp-json\/wp\/v2\/users\/1"}],"replies":[{"embeddable":true,"href":"https:\/\/linkbuilderitalia.com\/fr\/wp-json\/wp\/v2\/comments?post=2355"}],"version-history":[{"count":5,"href":"https:\/\/linkbuilderitalia.com\/fr\/wp-json\/wp\/v2\/pages\/2355\/revisions"}],"predecessor-version":[{"id":2945,"href":"https:\/\/linkbuilderitalia.com\/fr\/wp-json\/wp\/v2\/pages\/2355\/revisions\/2945"}],"wp:attachment":[{"href":"https:\/\/linkbuilderitalia.com\/fr\/wp-json\/wp\/v2\/media?parent=2355"}],"curies":[{"name":"wp","href":"https:\/\/api.w.org\/{rel}","templated":true}]}}